{"id":142,"date":"2026-01-23T09:50:21","date_gmt":"2026-01-23T09:50:21","guid":{"rendered":"https:\/\/lukoviczkimate.keriweb.hu\/?post_type=product&#038;p=142"},"modified":"2026-01-23T09:51:41","modified_gmt":"2026-01-23T09:51:41","slug":"kobalt-indonesia-mandheling-specialty-kave","status":"publish","type":"product","link":"https:\/\/lukoviczkimate.keriweb.hu\/en\/product\/kobalt-indonesia-mandheling-specialty-kave\/","title":{"rendered":"Kobalt &#8211; Indonesia Mandheling Specialty K\u00e1v\u00e9"},"content":{"rendered":"<p>Frei Tam\u00e1s \u00faj reg\u00e9ny\u00e9nek megid\u00e9z\u00e9s\u00e9hez k\u00e9sz\u00fclt, k\u00fcl\u00f6nleges, single origin, 100% arabica, szemes k\u00e1v\u00e9. Az indon\u00e9z Mandheling k\u00e1v\u00e9 Szum\u00e1tra sziget\u00e9r\u0151l sz\u00e1rmazik.<\/p>","protected":false},"excerpt":{"rendered":"<p>&nbsp;<\/p>\n<p>Nett\u00f3 t\u00f6meg: 200 g<\/p>\n<p>Sz\u00e1rmaz\u00e1si hely: Indon\u00e9zia<\/p>\n<p>\u00d6sszetev\u0151k: P\u00f6rk\u00f6lt arabica szemes k\u00e1v\u00e9 100%<\/p>","protected":false},"featured_media":143,"template":"","meta":{"_acf_changed":false,"_monsterinsights_skip_tracking":false,"_monsterinsights_sitenote_active":false,"_monsterinsights_sitenote_note":"","_monsterinsights_sitenote_category":0,"_uf_show_specific_survey":0,"_uf_disable_surveys":false},"product_brand":[],"product_cat":[25],"product_tag":[23,36],"class_list":{"0":"post-142","1":"product","2":"type-product","3":"status-publish","4":"has-post-thumbnail","6":"product_cat-kave","7":"product_tag-arabica","8":"product_tag-specialty","10":"first","11":"instock","12":"taxable","13":"shipping-taxable","14":"purchasable","15":"product-type-simple"},"acf":[],"aioseo_notices":[],"yoast_head":"<!-- This site is optimized with the Yoast SEO plugin v27.3 - https:\/\/yoast.com\/product\/yoast-seo-wordpress\/ -->\n<title>Kobalt - Indonesia Mandheling Specialty K\u00e1v\u00e9 - Happy Hour Coffee<\/title>\n<meta name=\"robots\" content=\"index, follow, max-snippet:-1, max-image-preview:large, max-video-preview:-1\" \/>\n<link rel=\"canonical\" href=\"https:\/\/lukoviczkimate.keriweb.hu\/en\/product\/kobalt-indonesia-mandheling-specialty-kave\/\" \/>\n<meta property=\"og:locale\" content=\"en_GB\" \/>\n<meta property=\"og:type\" content=\"article\" \/>\n<meta property=\"og:title\" content=\"Kobalt - Indonesia Mandheling Specialty K\u00e1v\u00e9 - Happy Hour Coffee\" \/>\n<meta property=\"og:description\" content=\"&nbsp;  Nett\u00f3 t\u00f6meg: 200 g  Sz\u00e1rmaz\u00e1si hely: Indon\u00e9zia  \u00d6sszetev\u0151k: P\u00f6rk\u00f6lt arabica szemes k\u00e1v\u00e9 100%\" \/>\n<meta property=\"og:url\" content=\"https:\/\/lukoviczkimate.keriweb.hu\/en\/product\/kobalt-indonesia-mandheling-specialty-kave\/\" \/>\n<meta property=\"og:site_name\" content=\"Happy Hour Coffee\" \/>\n<meta property=\"article:modified_time\" content=\"2026-01-23T09:51:41+00:00\" \/>\n<meta property=\"og:image\" content=\"https:\/\/lukoviczkimate.keriweb.hu\/wp-content\/uploads\/2026\/01\/Kobalt-Indonesia-Mandheling-special-edition-kave.jpg\" \/>\n\t<meta property=\"og:image:width\" content=\"1600\" \/>\n\t<meta property=\"og:image:height\" content=\"896\" \/>\n\t<meta property=\"og:image:type\" content=\"image\/jpeg\" \/>\n<meta name=\"twitter:card\" content=\"summary_large_image\" \/>\n<meta name=\"twitter:label1\" content=\"Estimated reading time\" \/>\n\t<meta name=\"twitter:data1\" content=\"1 minute\" \/>\n<script type=\"application\/ld+json\" class=\"yoast-schema-graph\">{\"@context\":\"https:\\\/\\\/schema.org\",\"@graph\":[{\"@type\":\"WebPage\",\"@id\":\"https:\\\/\\\/lukoviczkimate.keriweb.hu\\\/termek\\\/kobalt-indonesia-mandheling-specialty-kave\\\/\",\"url\":\"https:\\\/\\\/lukoviczkimate.keriweb.hu\\\/termek\\\/kobalt-indonesia-mandheling-specialty-kave\\\/\",\"name\":\"Kobalt - Indonesia Mandheling Specialty K\u00e1v\u00e9 - Happy Hour Coffee\",\"isPartOf\":{\"@id\":\"https:\\\/\\\/lukoviczkimate.keriweb.hu\\\/#website\"},\"primaryImageOfPage\":{\"@id\":\"https:\\\/\\\/lukoviczkimate.keriweb.hu\\\/termek\\\/kobalt-indonesia-mandheling-specialty-kave\\\/#primaryimage\"},\"image\":{\"@id\":\"https:\\\/\\\/lukoviczkimate.keriweb.hu\\\/termek\\\/kobalt-indonesia-mandheling-specialty-kave\\\/#primaryimage\"},\"thumbnailUrl\":\"https:\\\/\\\/lukoviczkimate.keriweb.hu\\\/wp-content\\\/uploads\\\/2026\\\/01\\\/Kobalt-Indonesia-Mandheling-special-edition-kave.jpg\",\"datePublished\":\"2026-01-23T09:50:21+00:00\",\"dateModified\":\"2026-01-23T09:51:41+00:00\",\"breadcrumb\":{\"@id\":\"https:\\\/\\\/lukoviczkimate.keriweb.hu\\\/termek\\\/kobalt-indonesia-mandheling-specialty-kave\\\/#breadcrumb\"},\"inLanguage\":\"en-GB\",\"potentialAction\":[{\"@type\":\"ReadAction\",\"target\":[\"https:\\\/\\\/lukoviczkimate.keriweb.hu\\\/termek\\\/kobalt-indonesia-mandheling-specialty-kave\\\/\"]}]},{\"@type\":\"ImageObject\",\"inLanguage\":\"en-GB\",\"@id\":\"https:\\\/\\\/lukoviczkimate.keriweb.hu\\\/termek\\\/kobalt-indonesia-mandheling-specialty-kave\\\/#primaryimage\",\"url\":\"https:\\\/\\\/lukoviczkimate.keriweb.hu\\\/wp-content\\\/uploads\\\/2026\\\/01\\\/Kobalt-Indonesia-Mandheling-special-edition-kave.jpg\",\"contentUrl\":\"https:\\\/\\\/lukoviczkimate.keriweb.hu\\\/wp-content\\\/uploads\\\/2026\\\/01\\\/Kobalt-Indonesia-Mandheling-special-edition-kave.jpg\",\"width\":1600,\"height\":896},{\"@type\":\"BreadcrumbList\",\"@id\":\"https:\\\/\\\/lukoviczkimate.keriweb.hu\\\/termek\\\/kobalt-indonesia-mandheling-specialty-kave\\\/#breadcrumb\",\"itemListElement\":[{\"@type\":\"ListItem\",\"position\":1,\"name\":\"Kezd\u0151lap\",\"item\":\"https:\\\/\\\/lukoviczkimate.keriweb.hu\\\/\"},{\"@type\":\"ListItem\",\"position\":2,\"name\":\"Shop\",\"item\":\"https:\\\/\\\/lukoviczkimate.keriweb.hu\\\/\"},{\"@type\":\"ListItem\",\"position\":3,\"name\":\"Kobalt &#8211; Indonesia Mandheling Specialty K\u00e1v\u00e9\"}]},{\"@type\":\"WebSite\",\"@id\":\"https:\\\/\\\/lukoviczkimate.keriweb.hu\\\/#website\",\"url\":\"https:\\\/\\\/lukoviczkimate.keriweb.hu\\\/\",\"name\":\"Happy Hour Coffee\",\"description\":\"&quot;A k\u00e1v\u00e9k vil\u00e1g\u00e1ban megtal\u00e1lt boldogs\u00e1g - Happy Hour&quot;\",\"publisher\":{\"@id\":\"https:\\\/\\\/lukoviczkimate.keriweb.hu\\\/#organization\"},\"potentialAction\":[{\"@type\":\"SearchAction\",\"target\":{\"@type\":\"EntryPoint\",\"urlTemplate\":\"https:\\\/\\\/lukoviczkimate.keriweb.hu\\\/?s={search_term_string}\"},\"query-input\":{\"@type\":\"PropertyValueSpecification\",\"valueRequired\":true,\"valueName\":\"search_term_string\"}}],\"inLanguage\":\"en-GB\"},{\"@type\":\"Organization\",\"@id\":\"https:\\\/\\\/lukoviczkimate.keriweb.hu\\\/#organization\",\"name\":\"Happy Hour Coffee\",\"url\":\"https:\\\/\\\/lukoviczkimate.keriweb.hu\\\/\",\"logo\":{\"@type\":\"ImageObject\",\"inLanguage\":\"en-GB\",\"@id\":\"https:\\\/\\\/lukoviczkimate.keriweb.hu\\\/#\\\/schema\\\/logo\\\/image\\\/\",\"url\":\"https:\\\/\\\/lukoviczkimate.keriweb.hu\\\/wp-content\\\/uploads\\\/2026\\\/01\\\/cropped-Happy-Hour-Coffee-3.png\",\"contentUrl\":\"https:\\\/\\\/lukoviczkimate.keriweb.hu\\\/wp-content\\\/uploads\\\/2026\\\/01\\\/cropped-Happy-Hour-Coffee-3.png\",\"width\":498,\"height\":234,\"caption\":\"Happy Hour Coffee\"},\"image\":{\"@id\":\"https:\\\/\\\/lukoviczkimate.keriweb.hu\\\/#\\\/schema\\\/logo\\\/image\\\/\"}}]}<\/script>\n<!-- \/ Yoast SEO plugin. -->","yoast_head_json":{"title":"Kobalt - Indonesia Mandheling Specialty K\u00e1v\u00e9 - Happy Hour Coffee","robots":{"index":"index","follow":"follow","max-snippet":"max-snippet:-1","max-image-preview":"max-image-preview:large","max-video-preview":"max-video-preview:-1"},"canonical":"https:\/\/lukoviczkimate.keriweb.hu\/en\/product\/kobalt-indonesia-mandheling-specialty-kave\/","og_locale":"en_GB","og_type":"article","og_title":"Kobalt - Indonesia Mandheling Specialty K\u00e1v\u00e9 - Happy Hour Coffee","og_description":"&nbsp;  Nett\u00f3 t\u00f6meg: 200 g  Sz\u00e1rmaz\u00e1si hely: Indon\u00e9zia  \u00d6sszetev\u0151k: P\u00f6rk\u00f6lt arabica szemes k\u00e1v\u00e9 100%","og_url":"https:\/\/lukoviczkimate.keriweb.hu\/en\/product\/kobalt-indonesia-mandheling-specialty-kave\/","og_site_name":"Happy Hour Coffee","article_modified_time":"2026-01-23T09:51:41+00:00","og_image":[{"width":1600,"height":896,"url":"https:\/\/lukoviczkimate.keriweb.hu\/wp-content\/uploads\/2026\/01\/Kobalt-Indonesia-Mandheling-special-edition-kave.jpg","type":"image\/jpeg"}],"twitter_card":"summary_large_image","twitter_misc":{"Estimated reading time":"1 minute"},"schema":{"@context":"https:\/\/schema.org","@graph":[{"@type":"WebPage","@id":"https:\/\/lukoviczkimate.keriweb.hu\/termek\/kobalt-indonesia-mandheling-specialty-kave\/","url":"https:\/\/lukoviczkimate.keriweb.hu\/termek\/kobalt-indonesia-mandheling-specialty-kave\/","name":"Kobalt - Indonesia Mandheling Specialty K\u00e1v\u00e9 - Happy Hour Coffee","isPartOf":{"@id":"https:\/\/lukoviczkimate.keriweb.hu\/#website"},"primaryImageOfPage":{"@id":"https:\/\/lukoviczkimate.keriweb.hu\/termek\/kobalt-indonesia-mandheling-specialty-kave\/#primaryimage"},"image":{"@id":"https:\/\/lukoviczkimate.keriweb.hu\/termek\/kobalt-indonesia-mandheling-specialty-kave\/#primaryimage"},"thumbnailUrl":"https:\/\/lukoviczkimate.keriweb.hu\/wp-content\/uploads\/2026\/01\/Kobalt-Indonesia-Mandheling-special-edition-kave.jpg","datePublished":"2026-01-23T09:50:21+00:00","dateModified":"2026-01-23T09:51:41+00:00","breadcrumb":{"@id":"https:\/\/lukoviczkimate.keriweb.hu\/termek\/kobalt-indonesia-mandheling-specialty-kave\/#breadcrumb"},"inLanguage":"en-GB","potentialAction":[{"@type":"ReadAction","target":["https:\/\/lukoviczkimate.keriweb.hu\/termek\/kobalt-indonesia-mandheling-specialty-kave\/"]}]},{"@type":"ImageObject","inLanguage":"en-GB","@id":"https:\/\/lukoviczkimate.keriweb.hu\/termek\/kobalt-indonesia-mandheling-specialty-kave\/#primaryimage","url":"https:\/\/lukoviczkimate.keriweb.hu\/wp-content\/uploads\/2026\/01\/Kobalt-Indonesia-Mandheling-special-edition-kave.jpg","contentUrl":"https:\/\/lukoviczkimate.keriweb.hu\/wp-content\/uploads\/2026\/01\/Kobalt-Indonesia-Mandheling-special-edition-kave.jpg","width":1600,"height":896},{"@type":"BreadcrumbList","@id":"https:\/\/lukoviczkimate.keriweb.hu\/termek\/kobalt-indonesia-mandheling-specialty-kave\/#breadcrumb","itemListElement":[{"@type":"ListItem","position":1,"name":"Kezd\u0151lap","item":"https:\/\/lukoviczkimate.keriweb.hu\/"},{"@type":"ListItem","position":2,"name":"Shop","item":"https:\/\/lukoviczkimate.keriweb.hu\/"},{"@type":"ListItem","position":3,"name":"Kobalt &#8211; Indonesia Mandheling Specialty K\u00e1v\u00e9"}]},{"@type":"WebSite","@id":"https:\/\/lukoviczkimate.keriweb.hu\/#website","url":"https:\/\/lukoviczkimate.keriweb.hu\/","name":"Happy Hour Coffee","description":"&quot;A k\u00e1v\u00e9k vil\u00e1g\u00e1ban megtal\u00e1lt boldogs\u00e1g - Happy Hour&quot;","publisher":{"@id":"https:\/\/lukoviczkimate.keriweb.hu\/#organization"},"potentialAction":[{"@type":"SearchAction","target":{"@type":"EntryPoint","urlTemplate":"https:\/\/lukoviczkimate.keriweb.hu\/?s={search_term_string}"},"query-input":{"@type":"PropertyValueSpecification","valueRequired":true,"valueName":"search_term_string"}}],"inLanguage":"en-GB"},{"@type":"Organization","@id":"https:\/\/lukoviczkimate.keriweb.hu\/#organization","name":"Happy Hour Coffee","url":"https:\/\/lukoviczkimate.keriweb.hu\/","logo":{"@type":"ImageObject","inLanguage":"en-GB","@id":"https:\/\/lukoviczkimate.keriweb.hu\/#\/schema\/logo\/image\/","url":"https:\/\/lukoviczkimate.keriweb.hu\/wp-content\/uploads\/2026\/01\/cropped-Happy-Hour-Coffee-3.png","contentUrl":"https:\/\/lukoviczkimate.keriweb.hu\/wp-content\/uploads\/2026\/01\/cropped-Happy-Hour-Coffee-3.png","width":498,"height":234,"caption":"Happy Hour Coffee"},"image":{"@id":"https:\/\/lukoviczkimate.keriweb.hu\/#\/schema\/logo\/image\/"}}]}},"_links":{"self":[{"href":"https:\/\/lukoviczkimate.keriweb.hu\/en\/wp-json\/wp\/v2\/product\/142","targetHints":{"allow":["GET"]}}],"collection":[{"href":"https:\/\/lukoviczkimate.keriweb.hu\/en\/wp-json\/wp\/v2\/product"}],"about":[{"href":"https:\/\/lukoviczkimate.keriweb.hu\/en\/wp-json\/wp\/v2\/types\/product"}],"wp:featuredmedia":[{"embeddable":true,"href":"https:\/\/lukoviczkimate.keriweb.hu\/en\/wp-json\/wp\/v2\/media\/143"}],"wp:attachment":[{"href":"https:\/\/lukoviczkimate.keriweb.hu\/en\/wp-json\/wp\/v2\/media?parent=142"}],"wp:term":[{"taxonomy":"product_brand","embeddable":true,"href":"https:\/\/lukoviczkimate.keriweb.hu\/en\/wp-json\/wp\/v2\/product_brand?post=142"},{"taxonomy":"product_cat","embeddable":true,"href":"https:\/\/lukoviczkimate.keriweb.hu\/en\/wp-json\/wp\/v2\/product_cat?post=142"},{"taxonomy":"product_tag","embeddable":true,"href":"https:\/\/lukoviczkimate.keriweb.hu\/en\/wp-json\/wp\/v2\/product_tag?post=142"}],"curies":[{"name":"wp","href":"https:\/\/api.w.org\/{rel}","templated":true}]}}