{"id":138,"date":"2026-01-23T09:35:21","date_gmt":"2026-01-23T09:35:21","guid":{"rendered":"https:\/\/lukoviczkimate.keriweb.hu\/?post_type=product&#038;p=138"},"modified":"2026-01-23T09:36:39","modified_gmt":"2026-01-23T09:36:39","slug":"tokioi-csokolades-malna-orolt-kave-cafe-frei","status":"publish","type":"product","link":"https:\/\/lukoviczkimate.keriweb.hu\/en\/product\/tokioi-csokolades-malna-orolt-kave-cafe-frei\/","title":{"rendered":"Toki\u00f3i Csokol\u00e1d\u00e9s M\u00e1lna \u0150r\u00f6lt K\u00e1v\u00e9 (Cafe Frei)"},"content":{"rendered":"<table class=\"product-parameters table\" style=\"width: 100%;\">\n<tbody>\n<tr class=\"product-parameter-row product-short-description-row\">\n<td class=\"param-value product-short-description text-break\" style=\"width: 1.72414%;\" colspan=\"2\">A sz\u00edntiszta jap\u00e1n csokol\u00e1d\u00e9 h\u00e1zass\u00e1ga a toki\u00f3i cukr\u00e1szd\u00e1k kedvenc m\u00e1lna-\u00edz\u00e9vel. A p\u00e1rizsi Salon du Chocolat d\u00edjait rendszeresen viszik el jap\u00e1n csokol\u00e1d\u00e9-mesterek, mik\u00f6zben a francia csokol\u00e1d\u00e9k\u00e9sz\u00edt\u0151k ma m\u00e1r azt tartj\u00e1k a legnagyobb elismer\u00e9snek, ha \u00fczletet nyithatnak Toki\u00f3ban. Mi m\u00e1r csak ez\u00e9rt is a jap\u00e1n \u00e9dess\u00e9g-ir\u00e1nyt\u0171t k\u00f6vetve forgatjuk arom\u00e1ba ezt a jap\u00e1n k\u00fcl\u00f6nlegess\u00e9get.<\/td>\n<\/tr>\n<\/tbody>\n<\/table>","protected":false},"excerpt":{"rendered":"<p>Nett\u00f3 t\u00f6meg: 200 g<\/p>\n<p>Sz\u00e1rmaz\u00e1si hely: Magyarorsz\u00e1g<\/p>\n<p>\u00d6sszetev\u0151k: p\u00f6rk\u00f6lt \u0151r\u00f6lt k\u00e1v\u00e9 81%, maltodextrin, arom\u00e1k (m\u00e1lna, csokol\u00e1d\u00e9).<\/p>","protected":false},"featured_media":139,"template":"","meta":{"_acf_changed":false,"_monsterinsights_skip_tracking":false,"_monsterinsights_sitenote_active":false,"_monsterinsights_sitenote_note":"","_monsterinsights_sitenote_category":0,"_uf_show_specific_survey":0,"_uf_disable_surveys":false},"product_brand":[21],"product_cat":[25],"product_tag":[24,29,30,28],"class_list":{"0":"post-138","1":"product","2":"type-product","3":"status-publish","4":"has-post-thumbnail","6":"product_brand-cafe-frei","7":"product_cat-kave","8":"product_tag-cafe-frei","9":"product_tag-japan","10":"product_tag-malna","11":"product_tag-tokio","13":"first","14":"instock","15":"taxable","16":"shipping-taxable","17":"purchasable","18":"product-type-simple"},"acf":[],"aioseo_notices":[],"yoast_head":"<!-- This site is optimized with the Yoast SEO plugin v27.3 - https:\/\/yoast.com\/product\/yoast-seo-wordpress\/ -->\n<title>Toki\u00f3i Csokol\u00e1d\u00e9s M\u00e1lna \u0150r\u00f6lt K\u00e1v\u00e9 (Cafe Frei) - Happy Hour Coffee<\/title>\n<meta name=\"robots\" content=\"index, follow, max-snippet:-1, max-image-preview:large, max-video-preview:-1\" \/>\n<link rel=\"canonical\" href=\"https:\/\/lukoviczkimate.keriweb.hu\/en\/product\/tokioi-csokolades-malna-orolt-kave-cafe-frei\/\" \/>\n<meta property=\"og:locale\" content=\"en_GB\" \/>\n<meta property=\"og:type\" content=\"article\" \/>\n<meta property=\"og:title\" content=\"Toki\u00f3i Csokol\u00e1d\u00e9s M\u00e1lna \u0150r\u00f6lt K\u00e1v\u00e9 (Cafe Frei) - Happy Hour Coffee\" \/>\n<meta property=\"og:description\" content=\"Nett\u00f3 t\u00f6meg: 200 g  Sz\u00e1rmaz\u00e1si hely: Magyarorsz\u00e1g  \u00d6sszetev\u0151k: p\u00f6rk\u00f6lt \u0151r\u00f6lt k\u00e1v\u00e9 81%, maltodextrin, arom\u00e1k (m\u00e1lna, csokol\u00e1d\u00e9).\" \/>\n<meta property=\"og:url\" content=\"https:\/\/lukoviczkimate.keriweb.hu\/en\/product\/tokioi-csokolades-malna-orolt-kave-cafe-frei\/\" \/>\n<meta property=\"og:site_name\" content=\"Happy Hour Coffee\" \/>\n<meta property=\"article:modified_time\" content=\"2026-01-23T09:36:39+00:00\" \/>\n<meta property=\"og:image\" content=\"https:\/\/lukoviczkimate.keriweb.hu\/wp-content\/uploads\/2026\/01\/Tokioi-Csokolades-Malna-Izesitesu-Orolt-Kave-Cafe-Frei.jpg\" \/>\n\t<meta property=\"og:image:width\" content=\"1600\" \/>\n\t<meta property=\"og:image:height\" content=\"896\" \/>\n\t<meta property=\"og:image:type\" content=\"image\/jpeg\" \/>\n<meta name=\"twitter:card\" content=\"summary_large_image\" \/>\n<meta name=\"twitter:label1\" content=\"Estimated reading time\" \/>\n\t<meta name=\"twitter:data1\" content=\"1 minute\" \/>\n<script type=\"application\/ld+json\" class=\"yoast-schema-graph\">{\"@context\":\"https:\\\/\\\/schema.org\",\"@graph\":[{\"@type\":\"WebPage\",\"@id\":\"https:\\\/\\\/lukoviczkimate.keriweb.hu\\\/termek\\\/tokioi-csokolades-malna-orolt-kave-cafe-frei\\\/\",\"url\":\"https:\\\/\\\/lukoviczkimate.keriweb.hu\\\/termek\\\/tokioi-csokolades-malna-orolt-kave-cafe-frei\\\/\",\"name\":\"Toki\u00f3i Csokol\u00e1d\u00e9s M\u00e1lna \u0150r\u00f6lt K\u00e1v\u00e9 (Cafe Frei) - Happy Hour Coffee\",\"isPartOf\":{\"@id\":\"https:\\\/\\\/lukoviczkimate.keriweb.hu\\\/#website\"},\"primaryImageOfPage\":{\"@id\":\"https:\\\/\\\/lukoviczkimate.keriweb.hu\\\/termek\\\/tokioi-csokolades-malna-orolt-kave-cafe-frei\\\/#primaryimage\"},\"image\":{\"@id\":\"https:\\\/\\\/lukoviczkimate.keriweb.hu\\\/termek\\\/tokioi-csokolades-malna-orolt-kave-cafe-frei\\\/#primaryimage\"},\"thumbnailUrl\":\"https:\\\/\\\/lukoviczkimate.keriweb.hu\\\/wp-content\\\/uploads\\\/2026\\\/01\\\/Tokioi-Csokolades-Malna-Izesitesu-Orolt-Kave-Cafe-Frei.jpg\",\"datePublished\":\"2026-01-23T09:35:21+00:00\",\"dateModified\":\"2026-01-23T09:36:39+00:00\",\"breadcrumb\":{\"@id\":\"https:\\\/\\\/lukoviczkimate.keriweb.hu\\\/termek\\\/tokioi-csokolades-malna-orolt-kave-cafe-frei\\\/#breadcrumb\"},\"inLanguage\":\"en-GB\",\"potentialAction\":[{\"@type\":\"ReadAction\",\"target\":[\"https:\\\/\\\/lukoviczkimate.keriweb.hu\\\/termek\\\/tokioi-csokolades-malna-orolt-kave-cafe-frei\\\/\"]}]},{\"@type\":\"ImageObject\",\"inLanguage\":\"en-GB\",\"@id\":\"https:\\\/\\\/lukoviczkimate.keriweb.hu\\\/termek\\\/tokioi-csokolades-malna-orolt-kave-cafe-frei\\\/#primaryimage\",\"url\":\"https:\\\/\\\/lukoviczkimate.keriweb.hu\\\/wp-content\\\/uploads\\\/2026\\\/01\\\/Tokioi-Csokolades-Malna-Izesitesu-Orolt-Kave-Cafe-Frei.jpg\",\"contentUrl\":\"https:\\\/\\\/lukoviczkimate.keriweb.hu\\\/wp-content\\\/uploads\\\/2026\\\/01\\\/Tokioi-Csokolades-Malna-Izesitesu-Orolt-Kave-Cafe-Frei.jpg\",\"width\":1600,\"height\":896},{\"@type\":\"BreadcrumbList\",\"@id\":\"https:\\\/\\\/lukoviczkimate.keriweb.hu\\\/termek\\\/tokioi-csokolades-malna-orolt-kave-cafe-frei\\\/#breadcrumb\",\"itemListElement\":[{\"@type\":\"ListItem\",\"position\":1,\"name\":\"Kezd\u0151lap\",\"item\":\"https:\\\/\\\/lukoviczkimate.keriweb.hu\\\/\"},{\"@type\":\"ListItem\",\"position\":2,\"name\":\"Shop\",\"item\":\"https:\\\/\\\/lukoviczkimate.keriweb.hu\\\/\"},{\"@type\":\"ListItem\",\"position\":3,\"name\":\"Toki\u00f3i Csokol\u00e1d\u00e9s M\u00e1lna \u0150r\u00f6lt K\u00e1v\u00e9 (Cafe Frei)\"}]},{\"@type\":\"WebSite\",\"@id\":\"https:\\\/\\\/lukoviczkimate.keriweb.hu\\\/#website\",\"url\":\"https:\\\/\\\/lukoviczkimate.keriweb.hu\\\/\",\"name\":\"Happy Hour Coffee\",\"description\":\"&quot;A k\u00e1v\u00e9k vil\u00e1g\u00e1ban megtal\u00e1lt boldogs\u00e1g - Happy Hour&quot;\",\"publisher\":{\"@id\":\"https:\\\/\\\/lukoviczkimate.keriweb.hu\\\/#organization\"},\"potentialAction\":[{\"@type\":\"SearchAction\",\"target\":{\"@type\":\"EntryPoint\",\"urlTemplate\":\"https:\\\/\\\/lukoviczkimate.keriweb.hu\\\/?s={search_term_string}\"},\"query-input\":{\"@type\":\"PropertyValueSpecification\",\"valueRequired\":true,\"valueName\":\"search_term_string\"}}],\"inLanguage\":\"en-GB\"},{\"@type\":\"Organization\",\"@id\":\"https:\\\/\\\/lukoviczkimate.keriweb.hu\\\/#organization\",\"name\":\"Happy Hour Coffee\",\"url\":\"https:\\\/\\\/lukoviczkimate.keriweb.hu\\\/\",\"logo\":{\"@type\":\"ImageObject\",\"inLanguage\":\"en-GB\",\"@id\":\"https:\\\/\\\/lukoviczkimate.keriweb.hu\\\/#\\\/schema\\\/logo\\\/image\\\/\",\"url\":\"https:\\\/\\\/lukoviczkimate.keriweb.hu\\\/wp-content\\\/uploads\\\/2026\\\/01\\\/cropped-Happy-Hour-Coffee-3.png\",\"contentUrl\":\"https:\\\/\\\/lukoviczkimate.keriweb.hu\\\/wp-content\\\/uploads\\\/2026\\\/01\\\/cropped-Happy-Hour-Coffee-3.png\",\"width\":498,\"height\":234,\"caption\":\"Happy Hour Coffee\"},\"image\":{\"@id\":\"https:\\\/\\\/lukoviczkimate.keriweb.hu\\\/#\\\/schema\\\/logo\\\/image\\\/\"}}]}<\/script>\n<!-- \/ Yoast SEO plugin. -->","yoast_head_json":{"title":"Toki\u00f3i Csokol\u00e1d\u00e9s M\u00e1lna \u0150r\u00f6lt K\u00e1v\u00e9 (Cafe Frei) - Happy Hour Coffee","robots":{"index":"index","follow":"follow","max-snippet":"max-snippet:-1","max-image-preview":"max-image-preview:large","max-video-preview":"max-video-preview:-1"},"canonical":"https:\/\/lukoviczkimate.keriweb.hu\/en\/product\/tokioi-csokolades-malna-orolt-kave-cafe-frei\/","og_locale":"en_GB","og_type":"article","og_title":"Toki\u00f3i Csokol\u00e1d\u00e9s M\u00e1lna \u0150r\u00f6lt K\u00e1v\u00e9 (Cafe Frei) - Happy Hour Coffee","og_description":"Nett\u00f3 t\u00f6meg: 200 g  Sz\u00e1rmaz\u00e1si hely: Magyarorsz\u00e1g  \u00d6sszetev\u0151k: p\u00f6rk\u00f6lt \u0151r\u00f6lt k\u00e1v\u00e9 81%, maltodextrin, arom\u00e1k (m\u00e1lna, csokol\u00e1d\u00e9).","og_url":"https:\/\/lukoviczkimate.keriweb.hu\/en\/product\/tokioi-csokolades-malna-orolt-kave-cafe-frei\/","og_site_name":"Happy Hour Coffee","article_modified_time":"2026-01-23T09:36:39+00:00","og_image":[{"width":1600,"height":896,"url":"https:\/\/lukoviczkimate.keriweb.hu\/wp-content\/uploads\/2026\/01\/Tokioi-Csokolades-Malna-Izesitesu-Orolt-Kave-Cafe-Frei.jpg","type":"image\/jpeg"}],"twitter_card":"summary_large_image","twitter_misc":{"Estimated reading time":"1 minute"},"schema":{"@context":"https:\/\/schema.org","@graph":[{"@type":"WebPage","@id":"https:\/\/lukoviczkimate.keriweb.hu\/termek\/tokioi-csokolades-malna-orolt-kave-cafe-frei\/","url":"https:\/\/lukoviczkimate.keriweb.hu\/termek\/tokioi-csokolades-malna-orolt-kave-cafe-frei\/","name":"Toki\u00f3i Csokol\u00e1d\u00e9s M\u00e1lna \u0150r\u00f6lt K\u00e1v\u00e9 (Cafe Frei) - Happy Hour Coffee","isPartOf":{"@id":"https:\/\/lukoviczkimate.keriweb.hu\/#website"},"primaryImageOfPage":{"@id":"https:\/\/lukoviczkimate.keriweb.hu\/termek\/tokioi-csokolades-malna-orolt-kave-cafe-frei\/#primaryimage"},"image":{"@id":"https:\/\/lukoviczkimate.keriweb.hu\/termek\/tokioi-csokolades-malna-orolt-kave-cafe-frei\/#primaryimage"},"thumbnailUrl":"https:\/\/lukoviczkimate.keriweb.hu\/wp-content\/uploads\/2026\/01\/Tokioi-Csokolades-Malna-Izesitesu-Orolt-Kave-Cafe-Frei.jpg","datePublished":"2026-01-23T09:35:21+00:00","dateModified":"2026-01-23T09:36:39+00:00","breadcrumb":{"@id":"https:\/\/lukoviczkimate.keriweb.hu\/termek\/tokioi-csokolades-malna-orolt-kave-cafe-frei\/#breadcrumb"},"inLanguage":"en-GB","potentialAction":[{"@type":"ReadAction","target":["https:\/\/lukoviczkimate.keriweb.hu\/termek\/tokioi-csokolades-malna-orolt-kave-cafe-frei\/"]}]},{"@type":"ImageObject","inLanguage":"en-GB","@id":"https:\/\/lukoviczkimate.keriweb.hu\/termek\/tokioi-csokolades-malna-orolt-kave-cafe-frei\/#primaryimage","url":"https:\/\/lukoviczkimate.keriweb.hu\/wp-content\/uploads\/2026\/01\/Tokioi-Csokolades-Malna-Izesitesu-Orolt-Kave-Cafe-Frei.jpg","contentUrl":"https:\/\/lukoviczkimate.keriweb.hu\/wp-content\/uploads\/2026\/01\/Tokioi-Csokolades-Malna-Izesitesu-Orolt-Kave-Cafe-Frei.jpg","width":1600,"height":896},{"@type":"BreadcrumbList","@id":"https:\/\/lukoviczkimate.keriweb.hu\/termek\/tokioi-csokolades-malna-orolt-kave-cafe-frei\/#breadcrumb","itemListElement":[{"@type":"ListItem","position":1,"name":"Kezd\u0151lap","item":"https:\/\/lukoviczkimate.keriweb.hu\/"},{"@type":"ListItem","position":2,"name":"Shop","item":"https:\/\/lukoviczkimate.keriweb.hu\/"},{"@type":"ListItem","position":3,"name":"Toki\u00f3i Csokol\u00e1d\u00e9s M\u00e1lna \u0150r\u00f6lt K\u00e1v\u00e9 (Cafe Frei)"}]},{"@type":"WebSite","@id":"https:\/\/lukoviczkimate.keriweb.hu\/#website","url":"https:\/\/lukoviczkimate.keriweb.hu\/","name":"Happy Hour Coffee","description":"&quot;A k\u00e1v\u00e9k vil\u00e1g\u00e1ban megtal\u00e1lt boldogs\u00e1g - Happy Hour&quot;","publisher":{"@id":"https:\/\/lukoviczkimate.keriweb.hu\/#organization"},"potentialAction":[{"@type":"SearchAction","target":{"@type":"EntryPoint","urlTemplate":"https:\/\/lukoviczkimate.keriweb.hu\/?s={search_term_string}"},"query-input":{"@type":"PropertyValueSpecification","valueRequired":true,"valueName":"search_term_string"}}],"inLanguage":"en-GB"},{"@type":"Organization","@id":"https:\/\/lukoviczkimate.keriweb.hu\/#organization","name":"Happy Hour Coffee","url":"https:\/\/lukoviczkimate.keriweb.hu\/","logo":{"@type":"ImageObject","inLanguage":"en-GB","@id":"https:\/\/lukoviczkimate.keriweb.hu\/#\/schema\/logo\/image\/","url":"https:\/\/lukoviczkimate.keriweb.hu\/wp-content\/uploads\/2026\/01\/cropped-Happy-Hour-Coffee-3.png","contentUrl":"https:\/\/lukoviczkimate.keriweb.hu\/wp-content\/uploads\/2026\/01\/cropped-Happy-Hour-Coffee-3.png","width":498,"height":234,"caption":"Happy Hour Coffee"},"image":{"@id":"https:\/\/lukoviczkimate.keriweb.hu\/#\/schema\/logo\/image\/"}}]}},"_links":{"self":[{"href":"https:\/\/lukoviczkimate.keriweb.hu\/en\/wp-json\/wp\/v2\/product\/138","targetHints":{"allow":["GET"]}}],"collection":[{"href":"https:\/\/lukoviczkimate.keriweb.hu\/en\/wp-json\/wp\/v2\/product"}],"about":[{"href":"https:\/\/lukoviczkimate.keriweb.hu\/en\/wp-json\/wp\/v2\/types\/product"}],"wp:featuredmedia":[{"embeddable":true,"href":"https:\/\/lukoviczkimate.keriweb.hu\/en\/wp-json\/wp\/v2\/media\/139"}],"wp:attachment":[{"href":"https:\/\/lukoviczkimate.keriweb.hu\/en\/wp-json\/wp\/v2\/media?parent=138"}],"wp:term":[{"taxonomy":"product_brand","embeddable":true,"href":"https:\/\/lukoviczkimate.keriweb.hu\/en\/wp-json\/wp\/v2\/product_brand?post=138"},{"taxonomy":"product_cat","embeddable":true,"href":"https:\/\/lukoviczkimate.keriweb.hu\/en\/wp-json\/wp\/v2\/product_cat?post=138"},{"taxonomy":"product_tag","embeddable":true,"href":"https:\/\/lukoviczkimate.keriweb.hu\/en\/wp-json\/wp\/v2\/product_tag?post=138"}],"curies":[{"name":"wp","href":"https:\/\/api.w.org\/{rel}","templated":true}]}}