{"id":132,"date":"2026-01-23T07:55:47","date_gmt":"2026-01-23T07:55:47","guid":{"rendered":"https:\/\/lukoviczkimate.keriweb.hu\/?post_type=product&#038;p=132"},"modified":"2026-01-23T09:32:12","modified_gmt":"2026-01-23T09:32:12","slug":"cafe-frei","status":"publish","type":"product","link":"https:\/\/lukoviczkimate.keriweb.hu\/en\/product\/cafe-frei\/","title":{"rendered":"R\u00f3mai mogyor\u00f3-k\u00e1v\u00e9 (Cafe Frei)"},"content":{"rendered":"<p>Igazi vil\u00e1gk\u00e1v\u00e9, amely v\u00e9g\u00fcl Olaszorsz\u00e1gban, ott is legf\u0151k\u00e9pp a r\u00f3mai k\u00e1v\u00e9z\u00f3kban lelt v\u00e9gs\u0151 &#8222;meleg&#8221; otthonra. El\u0151sz\u00f6r a maj\u00e1k, a mai Guatemala ter\u00fclet\u00e9n k\u00e9sz\u00edtettek mogyor\u00f3-k\u00e1v\u00e9t. A spanyolok viszont m\u00e1r \u00fagy eml\u00e9keznek, hogy bizony \u0151k a &#8222;feltal\u00e1l\u00f3k&#8221;, m\u00e9ghozz\u00e1 a gyarmati id\u0151kben. Ak\u00e1rhogy is t\u00f6rt\u00e9nt, az biztos, hogy a spanyolok kaka\u00f3t is kevertek bele, ahogy azt\u00e1n az olaszok is. Akik, l\u00e1ssuk be, mogyor\u00f3nagyhatalom. Sokak szerint a R\u00f3m\u00e1t\u00f3l \u00e9szakra fekv\u0151 viterb\u00f3i mogyor\u00f3\u00fcltetv\u00e9nyeken terem a vil\u00e1g leg\u00edzletesebb t\u00f6r\u00f6kmogyor\u00f3ja.<\/p>","protected":false},"excerpt":{"rendered":"<p>&nbsp;<\/p>\n<p>Nett\u00f3 t\u00f6meg: 200g<\/p>\n<p>Sz\u00e1rmaz\u00e1si hely: Magyarorsz\u00e1g<\/p>\n<p>\u00d6sszetev\u0151k: arabica 98%, mogyor\u00f3 aroma 2%<\/p>\n<p>&nbsp;<\/p>","protected":false},"featured_media":133,"template":"","meta":{"_acf_changed":false,"_monsterinsights_skip_tracking":false,"_monsterinsights_sitenote_active":false,"_monsterinsights_sitenote_note":"","_monsterinsights_sitenote_category":0,"_uf_show_specific_survey":0,"_uf_disable_surveys":false},"product_brand":[21],"product_cat":[25],"product_tag":[23,24,22],"class_list":{"0":"post-132","1":"product","2":"type-product","3":"status-publish","4":"has-post-thumbnail","6":"product_brand-cafe-frei","7":"product_cat-kave","8":"product_tag-arabica","9":"product_tag-cafe-frei","10":"product_tag-mogyoros","12":"first","13":"instock","14":"taxable","15":"shipping-taxable","16":"purchasable","17":"product-type-simple"},"acf":[],"aioseo_notices":[],"yoast_head":"<!-- This site is optimized with the Yoast SEO plugin v27.3 - https:\/\/yoast.com\/product\/yoast-seo-wordpress\/ -->\n<title>R\u00f3mai mogyor\u00f3-k\u00e1v\u00e9 (Cafe Frei) - Happy Hour Coffee<\/title>\n<meta name=\"robots\" content=\"index, follow, max-snippet:-1, max-image-preview:large, max-video-preview:-1\" \/>\n<link rel=\"canonical\" href=\"https:\/\/lukoviczkimate.keriweb.hu\/en\/product\/cafe-frei\/\" \/>\n<meta property=\"og:locale\" content=\"en_GB\" \/>\n<meta property=\"og:type\" content=\"article\" \/>\n<meta property=\"og:title\" content=\"R\u00f3mai mogyor\u00f3-k\u00e1v\u00e9 (Cafe Frei) - Happy Hour Coffee\" \/>\n<meta property=\"og:description\" content=\"&nbsp;  Nett\u00f3 t\u00f6meg: 200g  Sz\u00e1rmaz\u00e1si hely: Magyarorsz\u00e1g  \u00d6sszetev\u0151k: arabica 98%, mogyor\u00f3 aroma 2%  &nbsp;\" \/>\n<meta property=\"og:url\" content=\"https:\/\/lukoviczkimate.keriweb.hu\/en\/product\/cafe-frei\/\" \/>\n<meta property=\"og:site_name\" content=\"Happy Hour Coffee\" \/>\n<meta property=\"article:modified_time\" content=\"2026-01-23T09:32:12+00:00\" \/>\n<meta property=\"og:image\" content=\"https:\/\/lukoviczkimate.keriweb.hu\/wp-content\/uploads\/2026\/01\/Cafe-Frei-mogyoros-csomagolt-kave.jpg\" \/>\n\t<meta property=\"og:image:width\" content=\"1600\" \/>\n\t<meta property=\"og:image:height\" content=\"896\" \/>\n\t<meta property=\"og:image:type\" content=\"image\/jpeg\" \/>\n<meta name=\"twitter:card\" content=\"summary_large_image\" \/>\n<meta name=\"twitter:label1\" content=\"Estimated reading time\" \/>\n\t<meta name=\"twitter:data1\" content=\"1 minute\" \/>\n<script type=\"application\/ld+json\" class=\"yoast-schema-graph\">{\"@context\":\"https:\\\/\\\/schema.org\",\"@graph\":[{\"@type\":\"WebPage\",\"@id\":\"https:\\\/\\\/lukoviczkimate.keriweb.hu\\\/termek\\\/cafe-frei\\\/\",\"url\":\"https:\\\/\\\/lukoviczkimate.keriweb.hu\\\/termek\\\/cafe-frei\\\/\",\"name\":\"R\u00f3mai mogyor\u00f3-k\u00e1v\u00e9 (Cafe Frei) - Happy Hour Coffee\",\"isPartOf\":{\"@id\":\"https:\\\/\\\/lukoviczkimate.keriweb.hu\\\/#website\"},\"primaryImageOfPage\":{\"@id\":\"https:\\\/\\\/lukoviczkimate.keriweb.hu\\\/termek\\\/cafe-frei\\\/#primaryimage\"},\"image\":{\"@id\":\"https:\\\/\\\/lukoviczkimate.keriweb.hu\\\/termek\\\/cafe-frei\\\/#primaryimage\"},\"thumbnailUrl\":\"https:\\\/\\\/lukoviczkimate.keriweb.hu\\\/wp-content\\\/uploads\\\/2026\\\/01\\\/Cafe-Frei-mogyoros-csomagolt-kave.jpg\",\"datePublished\":\"2026-01-23T07:55:47+00:00\",\"dateModified\":\"2026-01-23T09:32:12+00:00\",\"breadcrumb\":{\"@id\":\"https:\\\/\\\/lukoviczkimate.keriweb.hu\\\/termek\\\/cafe-frei\\\/#breadcrumb\"},\"inLanguage\":\"en-GB\",\"potentialAction\":[{\"@type\":\"ReadAction\",\"target\":[\"https:\\\/\\\/lukoviczkimate.keriweb.hu\\\/termek\\\/cafe-frei\\\/\"]}]},{\"@type\":\"ImageObject\",\"inLanguage\":\"en-GB\",\"@id\":\"https:\\\/\\\/lukoviczkimate.keriweb.hu\\\/termek\\\/cafe-frei\\\/#primaryimage\",\"url\":\"https:\\\/\\\/lukoviczkimate.keriweb.hu\\\/wp-content\\\/uploads\\\/2026\\\/01\\\/Cafe-Frei-mogyoros-csomagolt-kave.jpg\",\"contentUrl\":\"https:\\\/\\\/lukoviczkimate.keriweb.hu\\\/wp-content\\\/uploads\\\/2026\\\/01\\\/Cafe-Frei-mogyoros-csomagolt-kave.jpg\",\"width\":1600,\"height\":896},{\"@type\":\"BreadcrumbList\",\"@id\":\"https:\\\/\\\/lukoviczkimate.keriweb.hu\\\/termek\\\/cafe-frei\\\/#breadcrumb\",\"itemListElement\":[{\"@type\":\"ListItem\",\"position\":1,\"name\":\"Kezd\u0151lap\",\"item\":\"https:\\\/\\\/lukoviczkimate.keriweb.hu\\\/\"},{\"@type\":\"ListItem\",\"position\":2,\"name\":\"Shop\",\"item\":\"https:\\\/\\\/lukoviczkimate.keriweb.hu\\\/\"},{\"@type\":\"ListItem\",\"position\":3,\"name\":\"R\u00f3mai mogyor\u00f3-k\u00e1v\u00e9 (Cafe Frei)\"}]},{\"@type\":\"WebSite\",\"@id\":\"https:\\\/\\\/lukoviczkimate.keriweb.hu\\\/#website\",\"url\":\"https:\\\/\\\/lukoviczkimate.keriweb.hu\\\/\",\"name\":\"Happy Hour Coffee\",\"description\":\"&quot;A k\u00e1v\u00e9k vil\u00e1g\u00e1ban megtal\u00e1lt boldogs\u00e1g - Happy Hour&quot;\",\"publisher\":{\"@id\":\"https:\\\/\\\/lukoviczkimate.keriweb.hu\\\/#organization\"},\"potentialAction\":[{\"@type\":\"SearchAction\",\"target\":{\"@type\":\"EntryPoint\",\"urlTemplate\":\"https:\\\/\\\/lukoviczkimate.keriweb.hu\\\/?s={search_term_string}\"},\"query-input\":{\"@type\":\"PropertyValueSpecification\",\"valueRequired\":true,\"valueName\":\"search_term_string\"}}],\"inLanguage\":\"en-GB\"},{\"@type\":\"Organization\",\"@id\":\"https:\\\/\\\/lukoviczkimate.keriweb.hu\\\/#organization\",\"name\":\"Happy Hour Coffee\",\"url\":\"https:\\\/\\\/lukoviczkimate.keriweb.hu\\\/\",\"logo\":{\"@type\":\"ImageObject\",\"inLanguage\":\"en-GB\",\"@id\":\"https:\\\/\\\/lukoviczkimate.keriweb.hu\\\/#\\\/schema\\\/logo\\\/image\\\/\",\"url\":\"https:\\\/\\\/lukoviczkimate.keriweb.hu\\\/wp-content\\\/uploads\\\/2026\\\/01\\\/cropped-Happy-Hour-Coffee-3.png\",\"contentUrl\":\"https:\\\/\\\/lukoviczkimate.keriweb.hu\\\/wp-content\\\/uploads\\\/2026\\\/01\\\/cropped-Happy-Hour-Coffee-3.png\",\"width\":498,\"height\":234,\"caption\":\"Happy Hour Coffee\"},\"image\":{\"@id\":\"https:\\\/\\\/lukoviczkimate.keriweb.hu\\\/#\\\/schema\\\/logo\\\/image\\\/\"}}]}<\/script>\n<!-- \/ Yoast SEO plugin. -->","yoast_head_json":{"title":"R\u00f3mai mogyor\u00f3-k\u00e1v\u00e9 (Cafe Frei) - Happy Hour Coffee","robots":{"index":"index","follow":"follow","max-snippet":"max-snippet:-1","max-image-preview":"max-image-preview:large","max-video-preview":"max-video-preview:-1"},"canonical":"https:\/\/lukoviczkimate.keriweb.hu\/en\/product\/cafe-frei\/","og_locale":"en_GB","og_type":"article","og_title":"R\u00f3mai mogyor\u00f3-k\u00e1v\u00e9 (Cafe Frei) - Happy Hour Coffee","og_description":"&nbsp;  Nett\u00f3 t\u00f6meg: 200g  Sz\u00e1rmaz\u00e1si hely: Magyarorsz\u00e1g  \u00d6sszetev\u0151k: arabica 98%, mogyor\u00f3 aroma 2%  &nbsp;","og_url":"https:\/\/lukoviczkimate.keriweb.hu\/en\/product\/cafe-frei\/","og_site_name":"Happy Hour Coffee","article_modified_time":"2026-01-23T09:32:12+00:00","og_image":[{"width":1600,"height":896,"url":"https:\/\/lukoviczkimate.keriweb.hu\/wp-content\/uploads\/2026\/01\/Cafe-Frei-mogyoros-csomagolt-kave.jpg","type":"image\/jpeg"}],"twitter_card":"summary_large_image","twitter_misc":{"Estimated reading time":"1 minute"},"schema":{"@context":"https:\/\/schema.org","@graph":[{"@type":"WebPage","@id":"https:\/\/lukoviczkimate.keriweb.hu\/termek\/cafe-frei\/","url":"https:\/\/lukoviczkimate.keriweb.hu\/termek\/cafe-frei\/","name":"R\u00f3mai mogyor\u00f3-k\u00e1v\u00e9 (Cafe Frei) - Happy Hour Coffee","isPartOf":{"@id":"https:\/\/lukoviczkimate.keriweb.hu\/#website"},"primaryImageOfPage":{"@id":"https:\/\/lukoviczkimate.keriweb.hu\/termek\/cafe-frei\/#primaryimage"},"image":{"@id":"https:\/\/lukoviczkimate.keriweb.hu\/termek\/cafe-frei\/#primaryimage"},"thumbnailUrl":"https:\/\/lukoviczkimate.keriweb.hu\/wp-content\/uploads\/2026\/01\/Cafe-Frei-mogyoros-csomagolt-kave.jpg","datePublished":"2026-01-23T07:55:47+00:00","dateModified":"2026-01-23T09:32:12+00:00","breadcrumb":{"@id":"https:\/\/lukoviczkimate.keriweb.hu\/termek\/cafe-frei\/#breadcrumb"},"inLanguage":"en-GB","potentialAction":[{"@type":"ReadAction","target":["https:\/\/lukoviczkimate.keriweb.hu\/termek\/cafe-frei\/"]}]},{"@type":"ImageObject","inLanguage":"en-GB","@id":"https:\/\/lukoviczkimate.keriweb.hu\/termek\/cafe-frei\/#primaryimage","url":"https:\/\/lukoviczkimate.keriweb.hu\/wp-content\/uploads\/2026\/01\/Cafe-Frei-mogyoros-csomagolt-kave.jpg","contentUrl":"https:\/\/lukoviczkimate.keriweb.hu\/wp-content\/uploads\/2026\/01\/Cafe-Frei-mogyoros-csomagolt-kave.jpg","width":1600,"height":896},{"@type":"BreadcrumbList","@id":"https:\/\/lukoviczkimate.keriweb.hu\/termek\/cafe-frei\/#breadcrumb","itemListElement":[{"@type":"ListItem","position":1,"name":"Kezd\u0151lap","item":"https:\/\/lukoviczkimate.keriweb.hu\/"},{"@type":"ListItem","position":2,"name":"Shop","item":"https:\/\/lukoviczkimate.keriweb.hu\/"},{"@type":"ListItem","position":3,"name":"R\u00f3mai mogyor\u00f3-k\u00e1v\u00e9 (Cafe Frei)"}]},{"@type":"WebSite","@id":"https:\/\/lukoviczkimate.keriweb.hu\/#website","url":"https:\/\/lukoviczkimate.keriweb.hu\/","name":"Happy Hour Coffee","description":"&quot;A k\u00e1v\u00e9k vil\u00e1g\u00e1ban megtal\u00e1lt boldogs\u00e1g - Happy Hour&quot;","publisher":{"@id":"https:\/\/lukoviczkimate.keriweb.hu\/#organization"},"potentialAction":[{"@type":"SearchAction","target":{"@type":"EntryPoint","urlTemplate":"https:\/\/lukoviczkimate.keriweb.hu\/?s={search_term_string}"},"query-input":{"@type":"PropertyValueSpecification","valueRequired":true,"valueName":"search_term_string"}}],"inLanguage":"en-GB"},{"@type":"Organization","@id":"https:\/\/lukoviczkimate.keriweb.hu\/#organization","name":"Happy Hour Coffee","url":"https:\/\/lukoviczkimate.keriweb.hu\/","logo":{"@type":"ImageObject","inLanguage":"en-GB","@id":"https:\/\/lukoviczkimate.keriweb.hu\/#\/schema\/logo\/image\/","url":"https:\/\/lukoviczkimate.keriweb.hu\/wp-content\/uploads\/2026\/01\/cropped-Happy-Hour-Coffee-3.png","contentUrl":"https:\/\/lukoviczkimate.keriweb.hu\/wp-content\/uploads\/2026\/01\/cropped-Happy-Hour-Coffee-3.png","width":498,"height":234,"caption":"Happy Hour Coffee"},"image":{"@id":"https:\/\/lukoviczkimate.keriweb.hu\/#\/schema\/logo\/image\/"}}]}},"_links":{"self":[{"href":"https:\/\/lukoviczkimate.keriweb.hu\/en\/wp-json\/wp\/v2\/product\/132","targetHints":{"allow":["GET"]}}],"collection":[{"href":"https:\/\/lukoviczkimate.keriweb.hu\/en\/wp-json\/wp\/v2\/product"}],"about":[{"href":"https:\/\/lukoviczkimate.keriweb.hu\/en\/wp-json\/wp\/v2\/types\/product"}],"wp:featuredmedia":[{"embeddable":true,"href":"https:\/\/lukoviczkimate.keriweb.hu\/en\/wp-json\/wp\/v2\/media\/133"}],"wp:attachment":[{"href":"https:\/\/lukoviczkimate.keriweb.hu\/en\/wp-json\/wp\/v2\/media?parent=132"}],"wp:term":[{"taxonomy":"product_brand","embeddable":true,"href":"https:\/\/lukoviczkimate.keriweb.hu\/en\/wp-json\/wp\/v2\/product_brand?post=132"},{"taxonomy":"product_cat","embeddable":true,"href":"https:\/\/lukoviczkimate.keriweb.hu\/en\/wp-json\/wp\/v2\/product_cat?post=132"},{"taxonomy":"product_tag","embeddable":true,"href":"https:\/\/lukoviczkimate.keriweb.hu\/en\/wp-json\/wp\/v2\/product_tag?post=132"}],"curies":[{"name":"wp","href":"https:\/\/api.w.org\/{rel}","templated":true}]}}