{"id":180,"date":"2026-01-27T09:31:20","date_gmt":"2026-01-27T09:31:20","guid":{"rendered":"https:\/\/lukoviczkimate.keriweb.hu\/?page_id=180"},"modified":"2026-01-27T09:31:54","modified_gmt":"2026-01-27T09:31:54","slug":"aszf-2","status":"publish","type":"page","link":"https:\/\/lukoviczkimate.keriweb.hu\/en\/aszf-2\/","title":{"rendered":"\u00c1SZF"},"content":{"rendered":"<h2>Alapvet\u0151 rendelkez\u00e9sek<\/h2>\n<p>1.1. A jelen Szab\u00e1lyzatban nem szab\u00e1lyozott k\u00e9rd\u00e9sekre, valamint jelen Szab\u00e1lyzat \u00e9rtelmez\u00e9s\u00e9re a magyar jog az ir\u00e1nyad\u00f3, k\u00fcl\u00f6n\u00f6s tekintettel a Polg\u00e1ri T\u00f6rv\u00e9nyk\u00f6nyvr\u0151l sz\u00f3l\u00f3 2013. \u00e9vi V. t\u00f6rv\u00e9ny (\u201ePtk.\u201d) \u00e9s az elektronikus kereskedelmi szolg\u00e1ltat\u00e1sok, valamint az inform\u00e1ci\u00f3s t\u00e1rsadalommal \u00f6sszef\u00fcgg\u0151 szolg\u00e1ltat\u00e1sok egyes k\u00e9rd\u00e9seir\u0151l sz\u00f3l\u00f3 2001. \u00e9vi CVIII. t\u00f6rv\u00e9ny vonatkoz\u00f3 rendelkez\u00e9seire. A vonatkoz\u00f3 jogszab\u00e1lyok k\u00f6telez\u0151 rendelkez\u00e9sei a felekre k\u00fcl\u00f6n kik\u00f6t\u00e9s n\u00e9lk\u00fcl is ir\u00e1nyad\u00f3k.<\/p>\n<p>1.2. Hat\u00e1ly, az \u00e1SZF m\u00f3dos\u00edt\u00e1sa.<\/p>\n<p>1.3. A webshop, mint szerz\u0151i jogi m\u0171 szerz\u0151i jogi v\u00e9delme, erre figyelemfelh\u00edv\u00e1s.<\/p>\n<p>1.4. Rendelkez\u00e9sre \u00e1ll\u00e1s.<\/p>\n<h2>Adatkezel\u00e9si szab\u00e1lyok<\/h2>\n<p>1.5. Utalni kell az adatv\u00e9delmi t\u00e1j\u00e9koztat\u00f3 el\u00e9rhet\u0151s\u00e9g\u00e9re.<\/p>\n<p>Megv\u00e1s\u00e1rolhat\u00f3 term\u00e9kek, szolg\u00e1ltat\u00e1sok k\u00f6re<\/p>\n<p>1.6. Utalni kell arra, hogy a megjelen\u00edtett term\u00e9kek csak online, vagy szem\u00e9lyesen is megv\u00e1s\u00e1rolhat\u00f3k-e. A term\u00e9kek tartalmazz\u00e1k-e az \u00e1f\u00e1t. Tartalmazz\u00e1k-e a h\u00e1zhozsz\u00e1ll\u00edt\u00e1si d\u00edjat, illetve a csomagol\u00e1si d\u00edjat.<\/p>\n<p>1.7. A webshopban Szolg\u00e1ltat\u00f3 r\u00e9szletesen felt\u00fcnteti a term\u00e9k nev\u00e9t, le\u00edr\u00e1s\u00e1t, a term\u00e9kekr\u0151l fot\u00f3t jelen\u00edtet meg.<\/p>\n<p>1.8. Amennyiben akci\u00f3s \u00e1r ker\u00fcl bevezet\u00e9sre, Szolg\u00e1ltat\u00f3 teljes k\u00f6r\u0171en t\u00e1j\u00e9koztatja Felhaszn\u00e1l\u00f3kat az akci\u00f3 id\u0151tartam\u00e1r\u00f3l.<\/p>\n<p>Rendel\u00e9s menete<\/p>\n<p>1.9. A rendel\u00e9s menet\u00e9nek r\u00e9szletes le\u00edr\u00e1sa, a bejelentkez\u00e9sr\u0151l a term\u00e9k kos\u00e1rba helyez\u00e9s\u00e9ig.<\/p>\n<p>1.10. Adatbeviteli hib\u00e1k kijav\u00edt\u00e1s\u00e1ra vonatkoz\u00f3 lehet\u0151s\u00e9gek (pl. plusz term\u00e9k, term\u00e9k t\u00f6rl\u00e9se, \u00e1r ellen\u0151rz\u00e9se, a rendel\u00e9s lead\u00e1sa ut\u00e1n mik\u00e9ppen lehet k\u00e9rni a hib\u00e1s adatok m\u00f3dos\u00edt\u00e1s\u00e1t stb.)<\/p>\n<p>1.11. Fizet\u00e9si lehet\u0151s\u00e9gek, sz\u00e1ll\u00edt\u00e1si m\u00f3dok le\u00edr\u00e1sa<\/p>\n<p>1.12. A szolg\u00e1ltat\u00f3 web\u00e1ruh\u00e1z k\u00f6teles az ig\u00e9nybe vev\u0151 megrendel\u00e9s\u00e9nek meg\u00e9rkez\u00e9s\u00e9t az ig\u00e9nybe vev\u0151 fel\u00e9 elektronikus \u00faton halad\u00e9ktalanul visszaigazolni. Amennyiben e visszaigazol\u00e1s az ig\u00e9nybe vev\u0151 megrendel\u00e9s\u00e9nek elk\u00fcld\u00e9s\u00e9t\u0151l sz\u00e1m\u00edtott, a szolg\u00e1ltat\u00e1s jelleg\u00e9t\u0151l f\u00fcgg\u0151 elv\u00e1rhat\u00f3 hat\u00e1rid\u0151n bel\u00fcl, de legk\u00e9s\u0151bb 48 \u00f3r\u00e1n bel\u00fcl az ig\u00e9nybe vev\u0151h\u00f6z nem \u00e9rkezik meg, az ig\u00e9nybe vev\u0151 mentes\u00fcl az aj\u00e1nlati k\u00f6t\u00f6tts\u00e9g vagy szerz\u0151d\u00e9ses k\u00f6telezetts\u00e9g al\u00f3l. megrendel\u00e9s \u00e9s annak visszaigazol\u00e1sa akkor tekintend\u0151 a szolg\u00e1ltat\u00f3hoz, illetve az ig\u00e9nybe vev\u0151h\u00f6z meg\u00e9rkezettnek, amikor az sz\u00e1m\u00e1ra hozz\u00e1f\u00e9rhet\u0151v\u00e9 v\u00e1lik. A fenti szab\u00e1lyokt\u00f3l elt\u00e9rhetnek a felek, ha ebben meg\u00e1llapodtak.<\/p>\n<h2>A megrendel\u00e9sek feldolgoz\u00e1sa \u00e9s teljes\u00edt\u00e9s<\/h2>\n<p>1.13. A megrendel\u00e9sek feldolgoz\u00e1sa mikor t\u00f6rt\u00e9nik<\/p>\n<p>1.14. \u00e1ltal\u00e1nos teljes\u00edt\u00e9si hat\u00e1rid\u0151, a visszaigazol\u00e1st\u00f3l sz\u00e1m\u00edtott x munkanapon bel\u00fcl. Ha Szolg\u00e1ltat\u00f3 \u00e9s Felhaszn\u00e1l\u00f3 a teljes\u00edt\u00e9s id\u0151pontj\u00e1ban nem \u00e1llapodtak meg, Szolg\u00e1ltat\u00f3 Felhaszn\u00e1l\u00f3 felsz\u00f3l\u00edt\u00e1s\u00e1ban meghat\u00e1rozott id\u0151pontban vagy id\u0151n bel\u00fcl, felsz\u00f3l\u00edt\u00e1s hi\u00e1ny\u00e1ban legk\u00e9s\u0151bb a megrendel\u00e9snek Szolg\u00e1ltat\u00f3hoz val\u00f3 meg\u00e9rkez\u00e9s\u00e9t\u0151l sz\u00e1m\u00edtott harminc napon bel\u00fcl k\u00f6teles a szerz\u0151d\u00e9s szerinti teljes\u00edt\u00e9sre.<\/p>\n<p>1.15. Ha Szolg\u00e1ltat\u00f3 a szerz\u0151d\u00e9sben v\u00e1llalt k\u00f6telezetts\u00e9g\u00e9t az\u00e9rt nem teljes\u00edti, mert a szerz\u0151d\u00e9sben meghat\u00e1rozott term\u00e9k nem \u00e1ll rendelkez\u00e9s\u00e9re, k\u00f6teles err\u0151l Felhaszn\u00e1l\u00f3t halad\u00e9ktalanul t\u00e1j\u00e9koztatni, valamint Felhaszn\u00e1l\u00f3 \u00e1ltal fizetett \u00f6sszeget halad\u00e9ktalanul, de legk\u00e9s\u0151bb harminc napon bel\u00fcl visszat\u00e9r\u00edteni. E k\u00f6telezetts\u00e9g teljes\u00edt\u00e9se Szolg\u00e1ltat\u00f3t nem mentes\u00edti szerz\u0151d\u00e9sszeg\u00e9se egy\u00e9b k\u00f6vetkezm\u00e9nyei al\u00f3l.<\/p>\n<h2>El\u00e1ll\u00e1s joga<\/h2>\n<p>1.16. A fogyaszt\u00f3 \u00e9s a v\u00e1llalkoz\u00e1s k\u00f6z\u00f6tti szerz\u0151d\u00e9sek r\u00e9szletes szab\u00e1lyair\u00f3l sz\u00f3l\u00f3 45\/2014. (II.26.) Korm. rendelet szab\u00e1lyoz\u00e1sa \u00e9rtelm\u00e9ben Felhaszn\u00e1l\u00f3 a megrendelt term\u00e9k k\u00e9zhez v\u00e9tel\u00e9t\u0151l sz\u00e1m\u00edtott 14 napon bel\u00fcl indokl\u00e1s n\u00e9lk\u00fcl el\u00e1llhat a szerz\u0151d\u00e9st\u0151l, visszak\u00fcldheti a megrendelt term\u00e9ket.<\/p>\n<p>1.17. Az el\u00e1ll\u00e1si jog gyakorl\u00e1s\u00e1nak menete\u2026 (mikor \u00e9lhet vele a v\u00e1s\u00e1rl\u00f3, mikor nem, halad\u00e9ktalanul, de legk\u00e9s\u0151bb 14 napon bel\u00fcl visszautalja a web\u00e1ruh\u00e1z az \u00e1rat, kiv\u00e9telek stb.)<\/p>\n<h2>J\u00f3t\u00e1ll\u00e1s<\/h2>\n<p>1.18. A PTK-f\u00e9le kell\u00e9kszavatoss\u00e1g, term\u00e9kszavatoss\u00e1g szab\u00e1lyai. A k\u00f6telez\u0151, s\u00e1vos j\u00f3t\u00e1ll\u00e1s szab\u00e1lyai, amennyiben a webshopban j\u00f3t\u00e1ll\u00e1sk\u00f6teles term\u00e9kek tal\u00e1lhat\u00f3k. L\u00e1sd m\u00e9g: 151\/2003. Korm. rendelet.<\/p>\n<h2>Panaszkezel\u00e9s<\/h2>\n<p>1.19. A webshop k\u00f6teles a fogyaszt\u00f3t t\u00e1j\u00e9koztatni a sz\u00e9khely\u00e9r\u0151l, a panasz\u00fcgyint\u00e9z\u00e9s hely\u00e9r\u0151l \u2013 ha az nem egyezik meg a forgalmaz\u00e1s, illetve \u00e9rt\u00e9kes\u00edt\u00e9s hely\u00e9vel \u2013 \u00e9s az adott tev\u00e9kenys\u00e9g, kereskedelmi forma vagy m\u00f3dszer saj\u00e1toss\u00e1gaihoz igazod\u00f3 m\u00f3dj\u00e1r\u00f3l, valamint a panaszok k\u00f6zl\u00e9se \u00e9rdek\u00e9ben a v\u00e1llalkoz\u00e1s vagy a v\u00e1llalkoz\u00e1s \u00fcgyf\u00e9lszolg\u00e1lat\u00e1nak levelez\u00e9si c\u00edm\u00e9r\u0151l \u00e9s \u2013 ha a panaszokat ilyen m\u00f3don is fogadja \u2013 elektronikus levelez\u00e9si c\u00edm\u00e9r\u0151l, illetve internetes c\u00edm\u00e9r\u0151l, telefonsz\u00e1m\u00e1r\u00f3l.<\/p>\n<h2>Vegyes rendelkez\u00e9sek<\/h2>\n<p>1.20. Szolg\u00e1ltat\u00f3 \u00e9s Felhaszn\u00e1l\u00f3 vit\u00e1s \u00fcgyeiket b\u00e9k\u00e9s \u00faton pr\u00f3b\u00e1lj\u00e1k rendezni. Felhaszn\u00e1l\u00f3 \u00e9s a Szolg\u00e1ltat\u00f3 a jelen Szab\u00e1lyzat hat\u00e1lya al\u00e1 tartoz\u00f3, megegyez\u00e9ssel 30 (harminc) napt\u00e1ri nap alatt nem rendezhet\u0151 esetleges jogvit\u00e1kra n\u00e9zve kik\u00f6tik a \u2026\u2026 B\u00edr\u00f3s\u00e1g\/T\u00f6rv\u00e9nysz\u00e9k illet\u00e9kess\u00e9g\u00e9t.<\/p>","protected":false},"excerpt":{"rendered":"<p>Alapvet\u0151 rendelkez\u00e9sek 1.1. A jelen Szab\u00e1lyzatban nem szab\u00e1lyozott k\u00e9rd\u00e9sekre, valamint jelen Szab\u00e1lyzat \u00e9rtelmez\u00e9s\u00e9re a magyar jog az ir\u00e1nyad\u00f3, k\u00fcl\u00f6n\u00f6s tekintettel a Polg\u00e1ri T\u00f6rv\u00e9nyk\u00f6nyvr\u0151l sz\u00f3l\u00f3 2013. \u00e9vi V. t\u00f6rv\u00e9ny (\u201ePtk.\u201d) \u00e9s az elektronikus kereskedelmi szolg\u00e1ltat\u00e1sok, valamint az inform\u00e1ci\u00f3s t\u00e1rsadalommal \u00f6sszef\u00fcgg\u0151 szolg\u00e1ltat\u00e1sok egyes k\u00e9rd\u00e9seir\u0151l sz\u00f3l\u00f3 2001. \u00e9vi CVIII. t\u00f6rv\u00e9ny vonatkoz\u00f3 rendelkez\u00e9seire. A vonatkoz\u00f3 jogszab\u00e1lyok k\u00f6telez\u0151 rendelkez\u00e9sei a [&hellip;]<\/p>\n","protected":false},"author":1,"featured_media":0,"parent":0,"menu_order":0,"comment_status":"closed","ping_status":"closed","template":"","meta":{"_acf_changed":false,"_monsterinsights_skip_tracking":false,"_monsterinsights_sitenote_active":false,"_monsterinsights_sitenote_note":"","_monsterinsights_sitenote_category":0,"_uf_show_specific_survey":0,"_uf_disable_surveys":false,"footnotes":""},"class_list":["post-180","page","type-page","status-publish","hentry"],"acf":[],"aioseo_notices":[],"yoast_head":"<!-- This site is optimized with the Yoast SEO plugin v27.3 - https:\/\/yoast.com\/product\/yoast-seo-wordpress\/ -->\n<title>\u00c1SZF - Happy Hour Coffee<\/title>\n<meta name=\"robots\" content=\"index, follow, max-snippet:-1, max-image-preview:large, max-video-preview:-1\" \/>\n<link rel=\"canonical\" href=\"https:\/\/lukoviczkimate.keriweb.hu\/en\/aszf-2\/\" \/>\n<meta property=\"og:locale\" content=\"en_GB\" \/>\n<meta property=\"og:type\" content=\"article\" \/>\n<meta property=\"og:title\" content=\"\u00c1SZF - Happy Hour Coffee\" \/>\n<meta property=\"og:description\" content=\"Alapvet\u0151 rendelkez\u00e9sek 1.1. A jelen Szab\u00e1lyzatban nem szab\u00e1lyozott k\u00e9rd\u00e9sekre, valamint jelen Szab\u00e1lyzat \u00e9rtelmez\u00e9s\u00e9re a magyar jog az ir\u00e1nyad\u00f3, k\u00fcl\u00f6n\u00f6s tekintettel a Polg\u00e1ri T\u00f6rv\u00e9nyk\u00f6nyvr\u0151l sz\u00f3l\u00f3 2013. \u00e9vi V. t\u00f6rv\u00e9ny (\u201ePtk.\u201d) \u00e9s az elektronikus kereskedelmi szolg\u00e1ltat\u00e1sok, valamint az inform\u00e1ci\u00f3s t\u00e1rsadalommal \u00f6sszef\u00fcgg\u0151 szolg\u00e1ltat\u00e1sok egyes k\u00e9rd\u00e9seir\u0151l sz\u00f3l\u00f3 2001. \u00e9vi CVIII. t\u00f6rv\u00e9ny vonatkoz\u00f3 rendelkez\u00e9seire. A vonatkoz\u00f3 jogszab\u00e1lyok k\u00f6telez\u0151 rendelkez\u00e9sei a [&hellip;]\" \/>\n<meta property=\"og:url\" content=\"https:\/\/lukoviczkimate.keriweb.hu\/en\/aszf-2\/\" \/>\n<meta property=\"og:site_name\" content=\"Happy Hour Coffee\" \/>\n<meta property=\"article:modified_time\" content=\"2026-01-27T09:31:54+00:00\" \/>\n<meta name=\"twitter:card\" content=\"summary_large_image\" \/>\n<meta name=\"twitter:label1\" content=\"Estimated reading time\" \/>\n\t<meta name=\"twitter:data1\" content=\"4 minutes\" \/>\n<script type=\"application\/ld+json\" class=\"yoast-schema-graph\">{\"@context\":\"https:\\\/\\\/schema.org\",\"@graph\":[{\"@type\":\"WebPage\",\"@id\":\"https:\\\/\\\/lukoviczkimate.keriweb.hu\\\/aszf-2\\\/\",\"url\":\"https:\\\/\\\/lukoviczkimate.keriweb.hu\\\/aszf-2\\\/\",\"name\":\"\u00c1SZF - Happy Hour Coffee\",\"isPartOf\":{\"@id\":\"https:\\\/\\\/lukoviczkimate.keriweb.hu\\\/#website\"},\"datePublished\":\"2026-01-27T09:31:20+00:00\",\"dateModified\":\"2026-01-27T09:31:54+00:00\",\"breadcrumb\":{\"@id\":\"https:\\\/\\\/lukoviczkimate.keriweb.hu\\\/aszf-2\\\/#breadcrumb\"},\"inLanguage\":\"en-GB\",\"potentialAction\":[{\"@type\":\"ReadAction\",\"target\":[\"https:\\\/\\\/lukoviczkimate.keriweb.hu\\\/aszf-2\\\/\"]}]},{\"@type\":\"BreadcrumbList\",\"@id\":\"https:\\\/\\\/lukoviczkimate.keriweb.hu\\\/aszf-2\\\/#breadcrumb\",\"itemListElement\":[{\"@type\":\"ListItem\",\"position\":1,\"name\":\"Kezd\u0151lap\",\"item\":\"https:\\\/\\\/lukoviczkimate.keriweb.hu\\\/\"},{\"@type\":\"ListItem\",\"position\":2,\"name\":\"\u00c1SZF\"}]},{\"@type\":\"WebSite\",\"@id\":\"https:\\\/\\\/lukoviczkimate.keriweb.hu\\\/#website\",\"url\":\"https:\\\/\\\/lukoviczkimate.keriweb.hu\\\/\",\"name\":\"Happy Hour Coffee\",\"description\":\"&quot;A k\u00e1v\u00e9k vil\u00e1g\u00e1ban megtal\u00e1lt boldogs\u00e1g - Happy Hour&quot;\",\"publisher\":{\"@id\":\"https:\\\/\\\/lukoviczkimate.keriweb.hu\\\/#organization\"},\"potentialAction\":[{\"@type\":\"SearchAction\",\"target\":{\"@type\":\"EntryPoint\",\"urlTemplate\":\"https:\\\/\\\/lukoviczkimate.keriweb.hu\\\/?s={search_term_string}\"},\"query-input\":{\"@type\":\"PropertyValueSpecification\",\"valueRequired\":true,\"valueName\":\"search_term_string\"}}],\"inLanguage\":\"en-GB\"},{\"@type\":\"Organization\",\"@id\":\"https:\\\/\\\/lukoviczkimate.keriweb.hu\\\/#organization\",\"name\":\"Happy Hour Coffee\",\"url\":\"https:\\\/\\\/lukoviczkimate.keriweb.hu\\\/\",\"logo\":{\"@type\":\"ImageObject\",\"inLanguage\":\"en-GB\",\"@id\":\"https:\\\/\\\/lukoviczkimate.keriweb.hu\\\/#\\\/schema\\\/logo\\\/image\\\/\",\"url\":\"https:\\\/\\\/lukoviczkimate.keriweb.hu\\\/wp-content\\\/uploads\\\/2026\\\/01\\\/cropped-Happy-Hour-Coffee-3.png\",\"contentUrl\":\"https:\\\/\\\/lukoviczkimate.keriweb.hu\\\/wp-content\\\/uploads\\\/2026\\\/01\\\/cropped-Happy-Hour-Coffee-3.png\",\"width\":498,\"height\":234,\"caption\":\"Happy Hour Coffee\"},\"image\":{\"@id\":\"https:\\\/\\\/lukoviczkimate.keriweb.hu\\\/#\\\/schema\\\/logo\\\/image\\\/\"}}]}<\/script>\n<!-- \/ Yoast SEO plugin. -->","yoast_head_json":{"title":"\u00c1SZF - Happy Hour Coffee","robots":{"index":"index","follow":"follow","max-snippet":"max-snippet:-1","max-image-preview":"max-image-preview:large","max-video-preview":"max-video-preview:-1"},"canonical":"https:\/\/lukoviczkimate.keriweb.hu\/en\/aszf-2\/","og_locale":"en_GB","og_type":"article","og_title":"\u00c1SZF - Happy Hour Coffee","og_description":"Alapvet\u0151 rendelkez\u00e9sek 1.1. A jelen Szab\u00e1lyzatban nem szab\u00e1lyozott k\u00e9rd\u00e9sekre, valamint jelen Szab\u00e1lyzat \u00e9rtelmez\u00e9s\u00e9re a magyar jog az ir\u00e1nyad\u00f3, k\u00fcl\u00f6n\u00f6s tekintettel a Polg\u00e1ri T\u00f6rv\u00e9nyk\u00f6nyvr\u0151l sz\u00f3l\u00f3 2013. \u00e9vi V. t\u00f6rv\u00e9ny (\u201ePtk.\u201d) \u00e9s az elektronikus kereskedelmi szolg\u00e1ltat\u00e1sok, valamint az inform\u00e1ci\u00f3s t\u00e1rsadalommal \u00f6sszef\u00fcgg\u0151 szolg\u00e1ltat\u00e1sok egyes k\u00e9rd\u00e9seir\u0151l sz\u00f3l\u00f3 2001. \u00e9vi CVIII. t\u00f6rv\u00e9ny vonatkoz\u00f3 rendelkez\u00e9seire. A vonatkoz\u00f3 jogszab\u00e1lyok k\u00f6telez\u0151 rendelkez\u00e9sei a [&hellip;]","og_url":"https:\/\/lukoviczkimate.keriweb.hu\/en\/aszf-2\/","og_site_name":"Happy Hour Coffee","article_modified_time":"2026-01-27T09:31:54+00:00","twitter_card":"summary_large_image","twitter_misc":{"Estimated reading time":"4 minutes"},"schema":{"@context":"https:\/\/schema.org","@graph":[{"@type":"WebPage","@id":"https:\/\/lukoviczkimate.keriweb.hu\/aszf-2\/","url":"https:\/\/lukoviczkimate.keriweb.hu\/aszf-2\/","name":"\u00c1SZF - Happy Hour Coffee","isPartOf":{"@id":"https:\/\/lukoviczkimate.keriweb.hu\/#website"},"datePublished":"2026-01-27T09:31:20+00:00","dateModified":"2026-01-27T09:31:54+00:00","breadcrumb":{"@id":"https:\/\/lukoviczkimate.keriweb.hu\/aszf-2\/#breadcrumb"},"inLanguage":"en-GB","potentialAction":[{"@type":"ReadAction","target":["https:\/\/lukoviczkimate.keriweb.hu\/aszf-2\/"]}]},{"@type":"BreadcrumbList","@id":"https:\/\/lukoviczkimate.keriweb.hu\/aszf-2\/#breadcrumb","itemListElement":[{"@type":"ListItem","position":1,"name":"Kezd\u0151lap","item":"https:\/\/lukoviczkimate.keriweb.hu\/"},{"@type":"ListItem","position":2,"name":"\u00c1SZF"}]},{"@type":"WebSite","@id":"https:\/\/lukoviczkimate.keriweb.hu\/#website","url":"https:\/\/lukoviczkimate.keriweb.hu\/","name":"Happy Hour Coffee","description":"&quot;A k\u00e1v\u00e9k vil\u00e1g\u00e1ban megtal\u00e1lt boldogs\u00e1g - Happy Hour&quot;","publisher":{"@id":"https:\/\/lukoviczkimate.keriweb.hu\/#organization"},"potentialAction":[{"@type":"SearchAction","target":{"@type":"EntryPoint","urlTemplate":"https:\/\/lukoviczkimate.keriweb.hu\/?s={search_term_string}"},"query-input":{"@type":"PropertyValueSpecification","valueRequired":true,"valueName":"search_term_string"}}],"inLanguage":"en-GB"},{"@type":"Organization","@id":"https:\/\/lukoviczkimate.keriweb.hu\/#organization","name":"Happy Hour Coffee","url":"https:\/\/lukoviczkimate.keriweb.hu\/","logo":{"@type":"ImageObject","inLanguage":"en-GB","@id":"https:\/\/lukoviczkimate.keriweb.hu\/#\/schema\/logo\/image\/","url":"https:\/\/lukoviczkimate.keriweb.hu\/wp-content\/uploads\/2026\/01\/cropped-Happy-Hour-Coffee-3.png","contentUrl":"https:\/\/lukoviczkimate.keriweb.hu\/wp-content\/uploads\/2026\/01\/cropped-Happy-Hour-Coffee-3.png","width":498,"height":234,"caption":"Happy Hour Coffee"},"image":{"@id":"https:\/\/lukoviczkimate.keriweb.hu\/#\/schema\/logo\/image\/"}}]}},"_links":{"self":[{"href":"https:\/\/lukoviczkimate.keriweb.hu\/en\/wp-json\/wp\/v2\/pages\/180","targetHints":{"allow":["GET"]}}],"collection":[{"href":"https:\/\/lukoviczkimate.keriweb.hu\/en\/wp-json\/wp\/v2\/pages"}],"about":[{"href":"https:\/\/lukoviczkimate.keriweb.hu\/en\/wp-json\/wp\/v2\/types\/page"}],"author":[{"embeddable":true,"href":"https:\/\/lukoviczkimate.keriweb.hu\/en\/wp-json\/wp\/v2\/users\/1"}],"replies":[{"embeddable":true,"href":"https:\/\/lukoviczkimate.keriweb.hu\/en\/wp-json\/wp\/v2\/comments?post=180"}],"version-history":[{"count":2,"href":"https:\/\/lukoviczkimate.keriweb.hu\/en\/wp-json\/wp\/v2\/pages\/180\/revisions"}],"predecessor-version":[{"id":184,"href":"https:\/\/lukoviczkimate.keriweb.hu\/en\/wp-json\/wp\/v2\/pages\/180\/revisions\/184"}],"wp:attachment":[{"href":"https:\/\/lukoviczkimate.keriweb.hu\/en\/wp-json\/wp\/v2\/media?parent=180"}],"curies":[{"name":"wp","href":"https:\/\/api.w.org\/{rel}","templated":true}]}}